{"id":1506,"date":"2021-09-21T21:23:16","date_gmt":"2021-09-21T20:23:16","guid":{"rendered":"https:\/\/www.german-stuntweek.de\/?post_type=product&#038;p=1506"},"modified":"2025-12-18T11:53:15","modified_gmt":"2025-12-18T10:53:15","slug":"flaschenoeffner-gsw-opener","status":"publish","type":"product","link":"https:\/\/www.german-stuntweek.de\/en\/product\/flaschenoeffner-gsw-opener","title":{"rendered":"Flaschen\u00f6ffner &#8222;Stuntriding 4 Life&#8220;"},"content":{"rendered":"<p>&#8222;Stuntriding 4 Life&#8220; Flaschen\u00f6ffner<\/p>\n<p>DER GSW &#8211; Opener !!!<\/p>\n<p>Limited Edition! Erh\u00e4ltlich in schwarz und in wei\u00df auf je 25 St\u00fcck begrenzt!!!<\/p>\n<p>3D &#8222;Stunt Riding 4 Life&#8220; Schriftzug<\/p>\n<p>Material: Kunststoff mit Magnet<\/p>\n<p>Ma\u00dfe: 130mm x 55mm<\/p>","protected":false},"excerpt":{"rendered":"<p>Ab sofort k\u00f6nnt ihr eure Flaschen mit verdammt viel Stuntfeeling \u00f6ffnen. Mit dem auf 50 St\u00fcck limitierten &#8222;Stuntriding 4 life&#8220; Flaschen\u00f6ffner in 3D Optik leert Ihr jede Flasche garantiert noch schneller 12 o&#8217;clock &#8211; sau gut!<\/p>","protected":false},"featured_media":5659,"comment_status":"open","ping_status":"closed","template":"","meta":[],"product_brand":[],"product_cat":[19],"product_tag":[],"class_list":{"0":"post-1506","1":"product","2":"type-product","3":"status-publish","4":"has-post-thumbnail","6":"product_cat-keine-angabe","7":"product_shipping_class-accessoires","9":"first","10":"instock","11":"taxable","12":"shipping-taxable","13":"purchasable","14":"product-type-variable"},"_links":{"self":[{"href":"https:\/\/www.german-stuntweek.de\/en\/wp-json\/wp\/v2\/product\/1506","targetHints":{"allow":["GET"]}}],"collection":[{"href":"https:\/\/www.german-stuntweek.de\/en\/wp-json\/wp\/v2\/product"}],"about":[{"href":"https:\/\/www.german-stuntweek.de\/en\/wp-json\/wp\/v2\/types\/product"}],"replies":[{"embeddable":true,"href":"https:\/\/www.german-stuntweek.de\/en\/wp-json\/wp\/v2\/comments?post=1506"}],"wp:featuredmedia":[{"embeddable":true,"href":"https:\/\/www.german-stuntweek.de\/en\/wp-json\/wp\/v2\/media\/5659"}],"wp:attachment":[{"href":"https:\/\/www.german-stuntweek.de\/en\/wp-json\/wp\/v2\/media?parent=1506"}],"wp:term":[{"taxonomy":"product_brand","embeddable":true,"href":"https:\/\/www.german-stuntweek.de\/en\/wp-json\/wp\/v2\/product_brand?post=1506"},{"taxonomy":"product_cat","embeddable":true,"href":"https:\/\/www.german-stuntweek.de\/en\/wp-json\/wp\/v2\/product_cat?post=1506"},{"taxonomy":"product_tag","embeddable":true,"href":"https:\/\/www.german-stuntweek.de\/en\/wp-json\/wp\/v2\/product_tag?post=1506"}],"curies":[{"name":"wp","href":"https:\/\/api.w.org\/{rel}","templated":true}]}}