{"id":222,"date":"2020-08-23T05:04:22","date_gmt":"2020-08-23T04:04:22","guid":{"rendered":"https:\/\/bizbergthemes.com\/business-event\/?page_id=222"},"modified":"2026-02-24T14:00:41","modified_gmt":"2026-02-24T13:00:41","slug":"hygiene","status":"publish","type":"page","link":"https:\/\/www.german-stuntweek.de\/en\/hygiene","title":{"rendered":"FAQs &#038; Hygiene"},"content":{"rendered":"<div data-elementor-type=\"wp-page\" data-elementor-id=\"222\" class=\"elementor elementor-222\">\n\t\t\t\t\t\t<section class=\"elementor-section elementor-top-section elementor-element elementor-element-36c574a elementor-section-boxed elementor-section-height-default elementor-section-height-default\" data-id=\"36c574a\" data-element_type=\"section\" data-e-type=\"section\">\n\t\t\t\t\t\t<div class=\"elementor-container elementor-column-gap-default\">\n\t\t\t\t\t<div class=\"elementor-column elementor-col-100 elementor-top-column elementor-element elementor-element-baf69a3\" data-id=\"baf69a3\" data-element_type=\"column\" data-e-type=\"column\">\n\t\t\t<div class=\"elementor-widget-wrap elementor-element-populated\">\n\t\t\t\t\t\t<div class=\"elementor-element elementor-element-b66b502 elementor-widget elementor-widget-heading\" data-id=\"b66b502\" data-element_type=\"widget\" data-e-type=\"widget\" data-widget_type=\"heading.default\">\n\t\t\t\t<div class=\"elementor-widget-container\">\n\t\t\t\t\t<h2 class=\"elementor-heading-title elementor-size-default\">FAQs \/ Hausordnung \/ Regeln!<\/h2>\t\t\t\t<\/div>\n\t\t\t\t<\/div>\n\t\t\t\t\t<\/div>\n\t\t<\/div>\n\t\t\t\t\t<\/div>\n\t\t<\/section>\n\t\t\t\t<section class=\"elementor-section elementor-top-section elementor-element elementor-element-1b5f73f elementor-section-boxed elementor-section-height-default elementor-section-height-default\" data-id=\"1b5f73f\" data-element_type=\"section\" data-e-type=\"section\">\n\t\t\t\t\t\t<div class=\"elementor-container elementor-column-gap-default\">\n\t\t\t\t\t<div class=\"elementor-column elementor-col-100 elementor-top-column elementor-element elementor-element-3ce45ee\" data-id=\"3ce45ee\" data-element_type=\"column\" data-e-type=\"column\">\n\t\t\t<div class=\"elementor-widget-wrap elementor-element-populated\">\n\t\t\t\t\t\t<section class=\"elementor-section elementor-inner-section elementor-element elementor-element-2b62182 elementor-section-boxed elementor-section-height-default elementor-section-height-default\" data-id=\"2b62182\" data-element_type=\"section\" data-e-type=\"section\">\n\t\t\t\t\t\t<div class=\"elementor-container elementor-column-gap-default\">\n\t\t\t\t\t<div class=\"elementor-column elementor-col-66 elementor-inner-column elementor-element elementor-element-a03f05f\" data-id=\"a03f05f\" data-element_type=\"column\" data-e-type=\"column\">\n\t\t\t<div class=\"elementor-widget-wrap elementor-element-populated\">\n\t\t\t\t\t\t<div class=\"elementor-element elementor-element-e85106f elementor-widget elementor-widget-text-editor\" data-id=\"e85106f\" data-element_type=\"widget\" data-e-type=\"widget\" data-widget_type=\"text-editor.default\">\n\t\t\t\t<div class=\"elementor-widget-container\">\n\t\t\t\t\t\t\t\t\t<h2 style=\"text-align: center;\"><span style=\"color: #000000;\"><strong><u>FAQs \/ Hausordnung<\/u><\/strong><\/span><\/h2><p><strong>\u00a0<\/strong><\/p><p><strong># AB WANN UND WIE LANGE KANN ICH ANREISEN?<\/strong><\/p><p>Die Anreise ist durchg\u00e4ngig ab dem ersten Veranstaltungstag 12.00 Uhr bis Sonntag 16.00 Uhr m\u00f6glich. Aus Sicherheitsgr\u00fcnden wird die Einfahrt Nachts geschlossen. Solltet Ihr in dieser Zeit anreisen ist der Einlass, nach Absprache, nat\u00fcrlich gew\u00e4hrleistet.<\/p><p><strong># KOSTET DAS PARKEN UND ZELTEN EXTRA?<\/strong><\/p><p>Nein, das Parken und Zelten ist im Eintrittspreis enthalten.<\/p><p><strong>\u00a0<\/strong><strong># WAS DARF ICH MITBRINGEN UND WAS NICHT?<\/strong><\/p><p>Speisen und Getr\u00e4nke f\u00fcr den Eigenbedarf. Keine Waffen, keine Drogen. Verbot von Glasflaschen im B\u00fchnen- und Parkplatzbereich.<\/p><p><strong># GIBT ES AUF DEM GEL\u00c4NDE SPEISEN UND GETR\u00c4NKE?<\/strong><\/p><p>Ab Dienstag besteht die M\u00f6glichkeit im Versorgungshaus \u2018\u2018Alte Baracke\u2018\u2018 f\u00fcr 9\u20ac zu Fr\u00fchst\u00fccken. Organisiert vom Flugplatzbetreiber, erwartet euch dort von 9.00 Uhr \u2013 11 Uhr ein reichhaltiges Buffet. Mittag und Abendessen k\u00f6nnt Ihr ab Mittwoch an unseren Food Trucks erwerben. Direkt in Allstedt gibt es einen Penny Supermarkt sowie den \u201eLike Grill\u201c der einen Lieferservice zum Flugplatz anbietet.<\/p><p><strong>\u00a0<\/strong><strong># IST GRILLEN UND \/ ODER LAGERFEUER AUF DEM GEL\u00c4NDE ERLAUBT?<\/strong><\/p><p><span style=\"color: #ff0000;\"><strong>Achtung: Waldbrandstufe 5<\/strong><\/span><\/p><p>Das Holzkohlegrill &amp; Lagerfeuer auf Grund der Wetterlage streng verboten! Eure Autos und Bikes stehen ebenfalls in unmittelbarer N\u00e4he. Brandgefahr!<\/p><p><strong># SIND HUNDE AUF DEM GEL\u00c4NDE ERLAUBT?<\/strong><\/p><p>Ja, aber Ihr solltet Euch gut \u00fcberlegen, ob Ihr Eurem Tier den L\u00e4rm und den Trubel wirklich antun m\u00fcsst. Auf dem gesamten Gel\u00e4nde gilt Leinenzwang, sowie Maulkorbpflicht.<\/p><p><strong># HABT IHR DUSCHEN AUF DEM GEL\u00c4NDE?<\/strong><\/p><p>Ja, es gibt 2 Duschcontainer auf dem Flugplatz mit folgenden \u00d6ffnungszeiten.<\/p><p>Dienstag &#8211; Sonntag 10.00 Uhr &#8211; 22.00 Uhr<\/p><p><strong># GIBT ES EINE TANKSTELLE IN DER N\u00c4HE?<\/strong><\/p><p>Ja, sie ist knapp 9km in Richtung Sangerhausen entfernt.<\/p><p><strong># GIBT ES EIN HOTEL IN DER N\u00c4HE?<\/strong><\/p><p>Ja, es gibt 2 Pensionen in Allstedt sowie Hotels im knapp 20km entfernten Artern\/Unstrut sowie in Sangerhausen.<\/p><p><strong># WO DARF ICH FAHREN UND WO GILT FAHRVERBOT?<\/strong><\/p><p>Das Betreten, Befahren und Stunten ist nur auf den abgesperrten Fl\u00e4chen erlaubt. Bitte beachtet alle Absperrungen, Hinweis- sowie Stoppschilder. Auf dem Parkplatz und vor den Duschen d\u00fcrfen keine Reifenspuren hinterlassen werden, es gilt die StVO sowie Schrittgeschwindigkeit (alle R\u00e4der m\u00fcssen dabei auf der Stra\u00dfe sein) und Helmpflicht. Ab 21Uhr muss mit Licht gefahren werden. Auf dem Spot ist genug Platz f\u00fcr alle! Alle Gr\u00fcnfl\u00e4chen sowie Hangar sind Sperrgebiet. Dies gilt ebenso f\u00fcr alle Flugzeuge und anderes Ger\u00e4t. Rettungswege m\u00fcssen unbedingt frei bleiben \u2013 es k\u00f6nnte auch euer Rettungsweg sein. Don\u00b4t drink and drive \u2013 auf allen Spots sowie im Contest Bereich gilt die Null-Promille-Grenze!<\/p><p><strong># WAS GILT IN DEN NACHTSTUNDEN?<\/strong><\/p><p>Ab 22.00 Uhr fahrt ihr bitte die Musikanlagen auf ein ertr\u00e4gliches Ma\u00df herunter, der Nachbar dankt es euch. Aufgrund einiger weniger Unbelehrbaren, die die GSW in der Vergangenheit mit einem Festival verwechselten, ist ab 22.00 Uhr Nachtruhe!\u00a0Absolutes Fahrverbot! Ebenso sind Motoren- sowie Auspuffl\u00e4rm untersagt!<\/p><p><strong># WAS PASSIERT, WENN ICH GEGEN DIE REGELN UND DIE HAUSORDNUNG VERSTO\u00dfE<\/strong><\/p><p>Zuwiderhandlungen k\u00f6nnen mit einer Geldstrafe, einem Fahrverbot bis hin zu einem sofortigen Ausschluss von der Veranstaltung und einem Platzverweis bestraft werden! Sollte es zu einem Platzverweis kommen, verliert euer Ticket die G\u00fcltigkeit! Den Anweisungen der Security sowie der Crew ist Folge zu leisten. Diese Hausordnung gilt f\u00fcr das gesamte Gel\u00e4nde, beginnend ab den Zufahrten und Zug\u00e4ngen vom Flugplatz Allstedt. Mit dem Erwerb der Eintrittskarte erkennt Ihr diese Hausordnung als verbindlich und gelesen an.<\/p><p><strong># M\u00dcLLPFAND?<\/strong><\/p><p>Noch verzichten wir auf Diesen. Allerdings nehmen wir euch in die Pflicht, das Fahrerlager sauber und ordentlich zu halten. Werft euern M\u00fcll sowie volle M\u00fclls\u00e4cke in die M\u00fcllcontainer. Altreifen bitte neben die Container. Leere M\u00fclls\u00e4cke bekommt Ihr ausreichend am Eingang. Damit helft Ihr uns mit den M\u00fcllbergen klarzukommen und tut etwas f\u00fcr die Umwelt.<\/p><p><strong># SIND TAGESTICKETS ERH\u00c4LTLICH?<\/strong><\/p><p>F\u00fcr das Season Opening sowie die Season End Party gibt es KEINE Besuchertickets da es sich hier um 2 interne Treffen ausschlie\u00dflich f\u00fcr Stunter handelt.<\/p><p>F\u00fcr die German Stuntweek im Juli gibt es f\u00fcr Freitag und Samstag Tagestickets. Die Tickets sind g\u00fcltig jeweils von 11.00 Uhr bis zum Folgetag 2.00 Uhr und k\u00f6nnen an der Tageskasse f\u00fcr 10,-\u20ac (Fr) sowie 15\u20ac( Sa) erworben werden. Donnerstag ist der Eintritt frei. Ein Ticket nur f\u00fcr die Aftershowparty gibt es an der Abendkasse f\u00fcr 10\u20ac und ist von 22.00 Uhr bis 4.00 Uhr g\u00fcltig. Alle Tickets sind (\u00a0<b>Stunter Tickets ausschlie\u00dflich!<\/b>\u00a0) im VVK in unserem Shop \u00fcber unseren Partner weeztix erh\u00e4ltlich.<\/p><p><strong>Bitte beachtet die R\u00fcckgabe- und Erstattungsbedingungen. Diese findet Ihr unter https:\/\/weeztix.de\/geschaeftsbedingungen-ticketkaeufer<\/strong><\/p>\t\t\t\t\t\t\t\t<\/div>\n\t\t\t\t<\/div>\n\t\t\t\t\t<\/div>\n\t\t<\/div>\n\t\t\t\t<div class=\"elementor-column elementor-col-33 elementor-inner-column elementor-element elementor-element-5a19c41\" data-id=\"5a19c41\" data-element_type=\"column\" data-e-type=\"column\">\n\t\t\t<div class=\"elementor-widget-wrap elementor-element-populated\">\n\t\t\t\t\t\t<div class=\"elementor-element elementor-element-94307c0 elementor-widget elementor-widget-heading\" data-id=\"94307c0\" data-element_type=\"widget\" data-e-type=\"widget\" data-widget_type=\"heading.default\">\n\t\t\t\t<div class=\"elementor-widget-container\">\n\t\t\t\t\t<h2 class=\"elementor-heading-title elementor-size-default\">Downloads<\/h2>\t\t\t\t<\/div>\n\t\t\t\t<\/div>\n\t\t\t\t<div class=\"elementor-element elementor-element-3295e6a elementor-widget elementor-widget-eael-feature-list\" data-id=\"3295e6a\" data-element_type=\"widget\" data-e-type=\"widget\" data-widget_type=\"eael-feature-list.default\">\n\t\t\t\t<div class=\"elementor-widget-container\">\n\t\t\t\t\t\t\t<div class=\"-icon-position-left -tablet-icon-position-left -mobile-icon-position-left\">\n\t\t\t<ul id=\"eael-feature-list-3295e6a\" class=\"eael-feature-list-items circle stacked  eael-feature-list-vertical\" data-layout-tablet=\"vertical\" data-layout-mobile=\"vertical\">\n\t\t\t                <li class=\"eael-feature-list-item elementor-repeater-item-21155cc\">\n                    \n\t\t\t\t\t\t<div class=\"eael-feature-list-icon-box\">\n\t\t\t\t\t\t\t<div class=\"eael-feature-list-icon-inner\">\n\n\t\t\t\t\t\t\t\t<a class=\"eael-feature-list-icon fl-icon-0\"href=\"https:\/\/www.german-stuntweek.de\/wp-content\/uploads\/2026\/02\/International-Stuntriding-Competition-2026-Rulebook.pdf\" target=\"_blank\">\n\n\t\t<i aria-hidden=\"true\" class=\"fas fa-check\"><\/i>\t\t\t\t\t\t\t\t<\/a>\n\t\t\t\t\t\t\t<\/div>\n\t\t\t\t\t\t<\/div>\n\t\t\t\t\t\t<div class=\"eael-feature-list-content-box\">\n                            <h4 class=\"eael-feature-list-title\"><a href=\"https:\/\/www.german-stuntweek.de\/wp-content\/uploads\/2026\/02\/International-Stuntriding-Competition-2026-Rulebook.pdf\" target=\"_blank\">Competition Rules and Informations<\/a><\/h4>\t\t\t\t\t\t<p class=\"eael-feature-list-content\">International Stuntriding Competition (ISC) regulations and informations.<\/p>\n\t\t\t\t\t\t<\/div>\n\n\t\t\t\t\t<\/li>\n\t\t\t\t                <li class=\"eael-feature-list-item elementor-repeater-item-4767eff\">\n                    \n\t\t\t\t\t\t<div class=\"eael-feature-list-icon-box\">\n\t\t\t\t\t\t\t<div class=\"eael-feature-list-icon-inner\">\n\n\t\t\t\t\t\t\t\t<a class=\"eael-feature-list-icon fl-icon-1\"href=\"https:\/\/www.german-stuntweek.de\/wp-content\/uploads\/2025\/01\/Haftungsausschluss-deutsch-englisch.pdf\" target=\"_blank\">\n\n\t\t<i aria-hidden=\"true\" class=\"fas fa-check\"><\/i>\t\t\t\t\t\t\t\t<\/a>\n\t\t\t\t\t\t\t<\/div>\n\t\t\t\t\t\t<\/div>\n\t\t\t\t\t\t<div class=\"eael-feature-list-content-box\">\n                            <h4 class=\"eael-feature-list-title\"><a href=\"https:\/\/www.german-stuntweek.de\/wp-content\/uploads\/2025\/01\/Haftungsausschluss-deutsch-englisch.pdf\" target=\"_blank\">Disclaimer of liability<\/a><\/h4>\t\t\t\t\t\t<p class=\"eael-feature-list-content\">The participant takes part in our event at their own risk. They bear sole responsibility under civil and criminal law for all damage caused by them or the motorcycle used by them, as far as no exclusion of liability is agreed upon.<\/p>\n\t\t\t\t\t\t<\/div>\n\n\t\t\t\t\t<\/li>\n\t\t\t\t                <li class=\"eael-feature-list-item elementor-repeater-item-753d800\">\n                    \n\t\t\t\t\t\t<div class=\"eael-feature-list-icon-box\">\n\t\t\t\t\t\t\t<div class=\"eael-feature-list-icon-inner\">\n\n\t\t\t\t\t\t\t\t<a class=\"eael-feature-list-icon fl-icon-2\"href=\"https:\/\/www.german-stuntweek.de\/wp-content\/uploads\/2023\/06\/Haftungsausschluss-Englisch.pdf\" target=\"_blank\">\n\n\t\t<i aria-hidden=\"true\" class=\"fas fa-check\"><\/i>\t\t\t\t\t\t\t\t<\/a>\n\t\t\t\t\t\t\t<\/div>\n\t\t\t\t\t\t<\/div>\n\t\t\t\t\t\t<div class=\"eael-feature-list-content-box\">\n                            <h4 class=\"eael-feature-list-title\"><a href=\"https:\/\/www.german-stuntweek.de\/wp-content\/uploads\/2023\/06\/Haftungsausschluss-Englisch.pdf\" target=\"_blank\">Disclaimer of Liability<\/a><\/h4>\t\t\t\t\t\t<p class=\"eael-feature-list-content\">Each Rider \/ Stunter participates in our event at his or her own risk.<\/p>\n\t\t\t\t\t\t<\/div>\n\n\t\t\t\t\t<\/li>\n\t\t\t\t                <li class=\"eael-feature-list-item elementor-repeater-item-19557d3\">\n                    \n\t\t\t\t\t\t<div class=\"eael-feature-list-icon-box\">\n\t\t\t\t\t\t\t<div class=\"eael-feature-list-icon-inner\">\n\n\t\t\t\t\t\t\t\t<a class=\"eael-feature-list-icon fl-icon-3\"href=\"https:\/\/www.german-stuntweek.de\/wp-content\/uploads\/2025\/07\/Flugerlaubnis.pdf\" target=\"_blank\">\n\n\t\t<i aria-hidden=\"true\" class=\"fas fa-check\"><\/i>\t\t\t\t\t\t\t\t<\/a>\n\t\t\t\t\t\t\t<\/div>\n\t\t\t\t\t\t<\/div>\n\t\t\t\t\t\t<div class=\"eael-feature-list-content-box\">\n                            <h4 class=\"eael-feature-list-title\"><a href=\"https:\/\/www.german-stuntweek.de\/wp-content\/uploads\/2025\/07\/Flugerlaubnis.pdf\" target=\"_blank\">Flugerlaubnis Drohnen<\/a><\/h4>\t\t\t\t\t\t<p class=\"eael-feature-list-content\"><\/p>\n\t\t\t\t\t\t<\/div>\n\n\t\t\t\t\t<\/li>\n\t\t\t\t                <li class=\"eael-feature-list-item elementor-repeater-item-c62605f\">\n                    \n\t\t\t\t\t\t<div class=\"eael-feature-list-icon-box\">\n\t\t\t\t\t\t\t<div class=\"eael-feature-list-icon-inner\">\n\n\t\t\t\t\t\t\t\t<a class=\"eael-feature-list-icon fl-icon-4\"href=\"https:\/\/www.german-stuntweek.de\/wp-content\/uploads\/2025\/07\/Drehgenehmigung-mit-Drohne.pdf\" target=\"_blank\">\n\n\t\t<i aria-hidden=\"true\" class=\"fas fa-check\"><\/i>\t\t\t\t\t\t\t\t<\/a>\n\t\t\t\t\t\t\t<\/div>\n\t\t\t\t\t\t<\/div>\n\t\t\t\t\t\t<div class=\"eael-feature-list-content-box\">\n                            <h4 class=\"eael-feature-list-title\"><a href=\"https:\/\/www.german-stuntweek.de\/wp-content\/uploads\/2025\/07\/Drehgenehmigung-mit-Drohne.pdf\" target=\"_blank\">Drehgenehmigung Drohnen<\/a><\/h4>\t\t\t\t\t\t<p class=\"eael-feature-list-content\"><\/p>\n\t\t\t\t\t\t<\/div>\n\n\t\t\t\t\t<\/li>\n\t\t\t\t\t\t\t<\/ul>\n\t\t<\/div>\n\t\t\t\t\t\t<\/div>\n\t\t\t\t<\/div>\n\t\t\t\t\t<\/div>\n\t\t<\/div>\n\t\t\t\t\t<\/div>\n\t\t<\/section>\n\t\t\t\t\t<\/div>\n\t\t<\/div>\n\t\t\t\t\t<\/div>\n\t\t<\/section>\n\t\t\t\t<\/div>","protected":false},"excerpt":{"rendered":"<p>FAQs \/ Hausordnung \/ Regeln! FAQs \/ Hausordnung \u00a0 # AB WANN UND WIE LANGE KANN ICH ANREISEN? Die Anreise ist durchg\u00e4ngig ab dem ersten Veranstaltungstag 12.00 Uhr bis Sonntag 16.00 Uhr m\u00f6glich. Aus Sicherheitsgr\u00fcnden wird die Einfahrt Nachts geschlossen. Solltet Ihr in dieser Zeit anreisen ist der Einlass, nach Absprache, nat\u00fcrlich gew\u00e4hrleistet. # KOSTET DAS PARKEN UND ZELTEN EXTRA?&#8230;<\/p>","protected":false},"author":6,"featured_media":0,"parent":0,"menu_order":0,"comment_status":"closed","ping_status":"closed","template":"elementor_header_footer","meta":{"footnotes":""},"class_list":["post-222","page","type-page","status-publish","hentry"],"_links":{"self":[{"href":"https:\/\/www.german-stuntweek.de\/en\/wp-json\/wp\/v2\/pages\/222","targetHints":{"allow":["GET"]}}],"collection":[{"href":"https:\/\/www.german-stuntweek.de\/en\/wp-json\/wp\/v2\/pages"}],"about":[{"href":"https:\/\/www.german-stuntweek.de\/en\/wp-json\/wp\/v2\/types\/page"}],"author":[{"embeddable":true,"href":"https:\/\/www.german-stuntweek.de\/en\/wp-json\/wp\/v2\/users\/6"}],"replies":[{"embeddable":true,"href":"https:\/\/www.german-stuntweek.de\/en\/wp-json\/wp\/v2\/comments?post=222"}],"version-history":[{"count":63,"href":"https:\/\/www.german-stuntweek.de\/en\/wp-json\/wp\/v2\/pages\/222\/revisions"}],"predecessor-version":[{"id":6013,"href":"https:\/\/www.german-stuntweek.de\/en\/wp-json\/wp\/v2\/pages\/222\/revisions\/6013"}],"wp:attachment":[{"href":"https:\/\/www.german-stuntweek.de\/en\/wp-json\/wp\/v2\/media?parent=222"}],"curies":[{"name":"wp","href":"https:\/\/api.w.org\/{rel}","templated":true}]}}