{"id":2,"date":"2020-12-07T12:12:05","date_gmt":"2020-12-07T12:12:05","guid":{"rendered":"http:\/\/german-stunt-week.de\/?page_id=2"},"modified":"2023-04-22T00:29:03","modified_gmt":"2023-04-21T23:29:03","slug":"teilnehmer","status":"publish","type":"page","link":"https:\/\/www.german-stuntweek.de\/en\/teilnehmer","title":{"rendered":"Spendenaktion"},"content":{"rendered":"\t\t<div data-elementor-type=\"wp-page\" data-elementor-id=\"2\" class=\"elementor elementor-2\">\n\t\t\t\t\t\t<section class=\"elementor-section elementor-top-section elementor-element elementor-element-1176321 elementor-section-boxed elementor-section-height-default elementor-section-height-default\" data-id=\"1176321\" data-element_type=\"section\" data-e-type=\"section\" id=\"gallery\" data-settings=\"{&quot;background_background&quot;:&quot;slideshow&quot;,&quot;background_slideshow_gallery&quot;:[{&quot;id&quot;:3855,&quot;url&quot;:&quot;https:\\\/\\\/www.german-stuntweek.de\\\/wp-content\\\/uploads\\\/2023\\\/03\\\/IMG_20230307_105823-2-e1678665276404.jpg&quot;}],&quot;background_slideshow_loop&quot;:&quot;yes&quot;,&quot;background_slideshow_slide_duration&quot;:5000,&quot;background_slideshow_slide_transition&quot;:&quot;fade&quot;,&quot;background_slideshow_transition_duration&quot;:500}\">\n\t\t\t\t\t\t\t<div class=\"elementor-background-overlay\"><\/div>\n\t\t\t\t\t\t\t<div class=\"elementor-container elementor-column-gap-default\">\n\t\t\t\t\t<div class=\"elementor-column elementor-col-100 elementor-top-column elementor-element elementor-element-081862d\" data-id=\"081862d\" data-element_type=\"column\" data-e-type=\"column\">\n\t\t\t<div class=\"elementor-widget-wrap elementor-element-populated\">\n\t\t\t\t\t\t<div class=\"elementor-element elementor-element-cab7ada elementor-widget elementor-widget-heading\" data-id=\"cab7ada\" data-element_type=\"widget\" data-e-type=\"widget\" data-widget_type=\"heading.default\">\n\t\t\t\t<div class=\"elementor-widget-container\">\n\t\t\t\t\t<h2 class=\"elementor-heading-title elementor-size-xxl\">- Franzi Sch\u00fctze -<\/h2>\t\t\t\t<\/div>\n\t\t\t\t<\/div>\n\t\t\t\t\t<\/div>\n\t\t<\/div>\n\t\t\t\t\t<\/div>\n\t\t<\/section>\n\t\t\t\t<section class=\"elementor-section elementor-top-section elementor-element elementor-element-95c9975 elementor-section-boxed elementor-section-height-default elementor-section-height-default\" data-id=\"95c9975\" data-element_type=\"section\" data-e-type=\"section\">\n\t\t\t\t\t\t\t<div class=\"elementor-background-overlay\"><\/div>\n\t\t\t\t\t\t\t<div class=\"elementor-container elementor-column-gap-default\">\n\t\t\t\t\t<div class=\"elementor-column elementor-col-100 elementor-top-column elementor-element elementor-element-76ec176 elementor-invisible\" data-id=\"76ec176\" data-element_type=\"column\" data-e-type=\"column\" data-settings=\"{&quot;background_background&quot;:&quot;classic&quot;,&quot;animation&quot;:&quot;fadeInRight&quot;}\">\n\t\t\t<div class=\"elementor-widget-wrap elementor-element-populated\">\n\t\t\t\t\t<div class=\"elementor-background-overlay\"><\/div>\n\t\t\t\t\t\t<div class=\"elementor-element elementor-element-c006b24 elementor-widget elementor-widget-heading\" data-id=\"c006b24\" data-element_type=\"widget\" data-e-type=\"widget\" data-widget_type=\"heading.default\">\n\t\t\t\t<div class=\"elementor-widget-container\">\n\t\t\t\t\t<h4 class=\"elementor-heading-title elementor-size-default\">\n\n<\/h4>\t\t\t\t<\/div>\n\t\t\t\t<\/div>\n\t\t\t\t<div class=\"elementor-element elementor-element-20d9c72 elementor-widget elementor-widget-heading\" data-id=\"20d9c72\" data-element_type=\"widget\" data-e-type=\"widget\" data-widget_type=\"heading.default\">\n\t\t\t\t<div class=\"elementor-widget-container\">\n\t\t\t\t\t<h2 class=\"elementor-heading-title elementor-size-default\">Immer in unseren Herzen!<\/h2>\t\t\t\t<\/div>\n\t\t\t\t<\/div>\n\t\t\t\t<div class=\"elementor-element elementor-element-f8a9843 elementor-widget elementor-widget-heading\" data-id=\"f8a9843\" data-element_type=\"widget\" data-e-type=\"widget\" data-widget_type=\"heading.default\">\n\t\t\t\t<div class=\"elementor-widget-container\">\n\t\t\t\t\t<p class=\"elementor-heading-title elementor-size-medium\">Pl\u00f6tzlich und unerwartet verlie\u00df uns am 25.11.2021 eine unserer geliebten Wheelieschnecken. Fassungslos, trauert die gesamte GSW CREW um Franzi Sch\u00fctze! Voller Trauer, Schmerzen und der Frage \u00fcber das Warum sprechen wir Ihrer gesamten Familie unsere Mitgef\u00fchl und Beileid aus. Geschockt fehlen uns noch immer die Worte. Alleinerziehend hinterl\u00e4sst sie 2 Jungs im Alter von 5 und 7 die nun vor dem Nichts stehen. Ein Schicksalsschlag der uns zeigt, wie wichtig jede Minute ist, wie wertvoll das Leben und wie dankbar wir sein sollten jeden Morgen aufzuwachen um gleichzeitig und miteinander leben zu d\u00fcrfen! Was bleibt sind Erinnerungen an Ihr unbeschwertes ansteckendes L\u00e4cheln, Ihr lautes Mundwerk, Ihre Freundschaft, Ihre Herzlichkeit und an eine unvergessliche Zeit mit Ihr! Sie wird f\u00fcr immer ein Teil unserer Crew bleiben, wir werden Sie immer in unseren Herzen tragen denn jeder von uns hatte so viele Momente mit Ihr. Und weil wir als Crew und langj\u00e4hrige Freunde zusammen stehen und zusammen fallen, m\u00f6chten wir die Jungs von nun an unterst\u00fctzen! Hierf\u00fcr haben wir das unten angegebene  Spendenkonto eingerichtet welches die beiden zum 18. Geburtstag bekommen. Hiermit bitten wir jeden von euch, uns bei dieser Aufgabe zu unterst\u00fctzen. Jeder einzelne auch noch so kleine Betrag hilft in der Summe. Auch wir werden nach den Veranstaltungen sowie monatlich unseren Beitrag leisten. Vielen Dank f\u00fcr eure Unterst\u00fctzung liebe Stuntgemeinde...\n  \n Spendenkonto: Kontoinhaber: B\u00e4rbel Sch\u00fctze -- Salzlandsparkasse:  \nDE04 8005 5500 0410 9719 01 - \nNOLADE21SES --- Verwendungszweck:\nPepe und Paco Spendenkonto !                                      \n\n\nJens und Basti  \n\nIm Namen der gesamten GSW CREW<\/p>\t\t\t\t<\/div>\n\t\t\t\t<\/div>\n\t\t\t\t\t<\/div>\n\t\t<\/div>\n\t\t\t\t\t<\/div>\n\t\t<\/section>\n\t\t\t\t<\/div>\n\t\t","protected":false},"excerpt":{"rendered":"<p>&#8211; Franzi Sch\u00fctze &#8211; Immer in unseren Herzen! Pl\u00f6tzlich und unerwartet verlie\u00df uns am 25.11.2021 eine unserer geliebten Wheelieschnecken. Fassungslos, trauert die gesamte GSW CREW um Franzi Sch\u00fctze! Voller Trauer, Schmerzen und der Frage \u00fcber das Warum sprechen wir Ihrer gesamten Familie unsere Mitgef\u00fchl und Beileid aus. Geschockt fehlen uns noch immer die Worte. Alleinerziehend hinterl\u00e4sst sie 2 Jungs im&#8230;<\/p>","protected":false},"author":6,"featured_media":3834,"parent":0,"menu_order":0,"comment_status":"closed","ping_status":"open","template":"page-templates\/full-width.php","meta":{"footnotes":""},"class_list":["post-2","page","type-page","status-publish","has-post-thumbnail","hentry"],"_links":{"self":[{"href":"https:\/\/www.german-stuntweek.de\/en\/wp-json\/wp\/v2\/pages\/2","targetHints":{"allow":["GET"]}}],"collection":[{"href":"https:\/\/www.german-stuntweek.de\/en\/wp-json\/wp\/v2\/pages"}],"about":[{"href":"https:\/\/www.german-stuntweek.de\/en\/wp-json\/wp\/v2\/types\/page"}],"author":[{"embeddable":true,"href":"https:\/\/www.german-stuntweek.de\/en\/wp-json\/wp\/v2\/users\/6"}],"replies":[{"embeddable":true,"href":"https:\/\/www.german-stuntweek.de\/en\/wp-json\/wp\/v2\/comments?post=2"}],"version-history":[{"count":0,"href":"https:\/\/www.german-stuntweek.de\/en\/wp-json\/wp\/v2\/pages\/2\/revisions"}],"wp:featuredmedia":[{"embeddable":true,"href":"https:\/\/www.german-stuntweek.de\/en\/wp-json\/wp\/v2\/media\/3834"}],"wp:attachment":[{"href":"https:\/\/www.german-stuntweek.de\/en\/wp-json\/wp\/v2\/media?parent=2"}],"curies":[{"name":"wp","href":"https:\/\/api.w.org\/{rel}","templated":true}]}}